{"id":17,"date":"2016-04-08T15:18:32","date_gmt":"2016-04-08T14:18:32","guid":{"rendered":"http:\/\/the7.io\/coffee\/?page_id=2"},"modified":"2018-09-10T15:59:11","modified_gmt":"2018-09-10T13:59:11","slug":"home","status":"publish","type":"page","link":"https:\/\/diacel.pl\/","title":{"rendered":"Home"},"content":{"rendered":"<p>[vc_row content_placement=&#8221;middle&#8221; type=&#8221;vc_default&#8221; css=&#8221;.vc_custom_1474223472410{padding-top: 10px !important;padding-bottom: 65px !important;}&#8221; el_id=&#8221;about_section&#8221;][vc_column width=&#8221;2\/3&#8243; offset=&#8221;vc_col-lg-offset-0 vc_col-lg-6 vc_col-md-offset-0 vc_col-md-6 vc_col-sm-offset-2 vc_col-xs-offset-2 vc_col-xs-8 vc_hidden-xs&#8221;][vc_row_inner][vc_column_inner width=&#8221;1\/2&#8243; offset=&#8221;vc_col-lg-6 vc_col-md-6 vc_col-xs-6&#8243; css=&#8221;.vc_custom_1461066632568{padding-right: 12px !important;padding-bottom: 30px !important;}&#8221;][vc_single_image image=&#8221;514&#8243; img_size=&#8221;800\u00d7543&#8243; alignment=&#8221;center&#8221; onclick=&#8221;link_image&#8221;][vc_empty_space height=&#8221;24px&#8221;][vc_single_image image=&#8221;515&#8243; img_size=&#8221;800 \u00d7 543&#8243; alignment=&#8221;center&#8221; onclick=&#8221;link_image&#8221;][\/vc_column_inner][vc_column_inner width=&#8221;1\/2&#8243; offset=&#8221;vc_col-lg-offset-0 vc_col-lg-6 vc_col-md-offset-0 vc_col-md-6 vc_col-sm-offset-0 vc_col-xs-6&#8243; css=&#8221;.vc_custom_1461066648706{padding-left: 12px !important;}&#8221;][vc_single_image image=&#8221;517&#8243; img_size=&#8221;550 \u00d7 800&#8243; alignment=&#8221;center&#8221; onclick=&#8221;link_image&#8221;][\/vc_column_inner][\/vc_row_inner][\/vc_column][vc_column offset=&#8221;vc_col-lg-6 vc_col-md-6 vc_col-xs-12&#8243;][ultimate_heading main_heading=&#8221;O naszej firmie&#8221; main_heading_font_family=&#8221;font_family:Raleway|font_call:Raleway|variant:600&#8243; main_heading_font_size=&#8221;desktop:27px;&#8221; main_heading_line_height=&#8221;desktop:32px;&#8221; main_heading_style=&#8221;font-weight:600;&#8221; main_heading_margin=&#8221;margin-bottom:20px;&#8221;][\/ultimate_heading][vc_column_text]<\/p>\n<p style=\"text-align: center;\"><strong>Dia-Cel<\/strong> jest wielopokoleniow\u0105 firm\u0105 rodzinn\u0105 o tradycji si\u0119gaj\u0105cej 1984 roku. Przez wiele lat nasz\u0105 misj\u0105 i g\u0142\u00f3wnym celem przy\u015bwiecaj\u0105cym nam by\u0142o dostarczania naszym klientom najwy\u017cszej jako\u015bci produkt\u00f3w zdrowej \u017cywno\u015bci. Od ponad 30 lat pomagamy osobom korzystaj\u0105cym z diet zdrowotnych, lecz\u0105cych si\u0119, lub te\u017c po prostu dbaj\u0105cym o swoje zdrowie i wygl\u0105d dostarczaj\u0105c zdrow\u0105, certyfikowan\u0105 \u017cywno\u015b\u0107 w szerokim asortymencie i ogromnym wyborze.<\/p>\n<p>[\/vc_column_text][vc_empty_space][vc_row_inner el_class=&#8221;text-centered&#8221;][vc_column_inner]<a href=\"\/o-firmie\" class=\"btn-shortcode dt-btn-m dt-btn default-btn-color default-btn-hover-color default-btn-bg-color default-btn-bg-hover-color anchor-link btn-margin-left btn-margin\" id=\"dt-btn-1\"><span>O naszej firmie<\/span><\/a><style type=\"text\/css\">#dt-btn-2 {color: #333333;background: #f0f0f0;}#dt-btn-2 > .text-wrap * {color: #333333;}#dt-btn-2:hover {color: #333333;background: #e3e3e3;}#dt-btn-2:hover > .text-wrap * {color: #333333;}<\/style><a href=\"\/oferta\" class=\"btn-shortcode dt-btn-m dt-btn custom-btn-color custom-btn-hover-color anchor-link btn-margin-left btn-margin\" id=\"dt-btn-2\"><span>Oferta<\/span><\/a>[\/vc_column_inner][\/vc_row_inner][\/vc_column][\/vc_row][vc_row full_width=&#8221;stretch_row&#8221; equal_height=&#8221;yes&#8221; bg_type=&#8221;image&#8221; parallax_style=&#8221;vcpb-vz-jquery&#8221; bg_image_new=&#8221;id^519|url^http:\/\/emdu.home.pl\/diacel\/wp-content\/uploads\/2016\/04\/47275200_ml.jpg|caption^47275200 &#8211; communications network map of the world|alt^null|title^47275200 &#8211; communications network map of the world|description^null&#8221; bg_image_repeat=&#8221;no-repeat&#8221; bg_override=&#8221;full&#8221; type=&#8221;vc_default&#8221; css=&#8221;.vc_custom_1506970679298{padding-top: 80px !important;padding-bottom: 70px !important;}&#8221; el_id=&#8221;location_section&#8221; el_class=&#8221;custom-columns-gap custom-mobile-paddings&#8221;][vc_column width=&#8221;1\/2&#8243;][vc_empty_space height=&#8221;50px&#8221;][ultimate_heading main_heading=&#8221;Nasza siedziba&#8221; main_heading_color=&#8221;#ffffff&#8221; spacer=&#8221;line_with_icon&#8221; spacer_position=&#8221;bottom&#8221; line_height=&#8221;3&#8243; line_color=&#8221;#fd9a44&#8243; icon=&#8221;icomoon-brankic-32&#215;32-bookmark&#8221; icon_size=&#8221;24&#8243; icon_color=&#8221;#fd9a44&#8243; line_icon_fixer=&#8221;5&#8243; main_heading_font_family=&#8221;font_family:Raleway|font_call:Raleway|variant:600&#8243; main_heading_font_size=&#8221;desktop:40px;&#8221; main_heading_line_height=&#8221;desktop:45px;&#8221; main_heading_style=&#8221;font-weight:600;&#8221; line_width=&#8221;80&#8243; main_heading_margin=&#8221;margin-bottom:4px;&#8221;][\/ultimate_heading][\/vc_column][vc_column width=&#8221;1\/2&#8243; css=&#8221;.vc_custom_1506973593406{padding-top: 20px !important;padding-right: 20px !important;padding-bottom: 20px !important;padding-left: 20px !important;background-color: #ffffff !important;}&#8221;][vc_single_image image=&#8221;524&#8243; img_size=&#8221;800&#215;425&#8243; alignment=&#8221;center&#8221; onclick=&#8221;link_image&#8221; css=&#8221;.vc_custom_1506973791179{padding-bottom: 24px !important;}&#8221;][vc_column_text]<\/p>\n<p style=\"text-align: left;\">Nasza firma znajduje si\u0119 zaledwie 5 km od granic \u0141odzi, w otoczeniu zieleni i natury jak przysta\u0142o na hurtowni\u0119 ekologiczn\u0105&#8230; Zapewniamy, \u017ce na prawd\u0119 \u0142atwo do nas trafi\u0107!<\/p>\n<p>[\/vc_column_text][vc_empty_space height=&#8221;20px&#8221;][bsf-info-box icon=&#8221;icomoon-free-social-contact-16&#215;16-location&#8221; icon_size=&#8221;16&#8243; title=&#8221;Adres: 95-083 Babiczki, ul. Klonowa 53&#8243; title_font=&#8221;font_family:Raleway|font_call:Raleway|variant:600&#8243; title_font_style=&#8221;font-weight:600;&#8221; desc_font_style=&#8221;font-weight:bold;&#8221; title_font_size=&#8221;desktop:15px;&#8221; title_font_line_height=&#8221;desktop:25px;&#8221; title_font_color=&#8221;#333333&#8243; css_info_box=&#8221;.vc_custom_1506973867238{margin-bottom: 0px !important;padding-bottom: 4px !important;}&#8221;][\/bsf-info-box][bsf-info-box icon=&#8221;icomoon-free-social-contact-16&#215;16-clock&#8221; icon_size=&#8221;16&#8243; title=&#8221;Otwarte: 8.30 \/ 16.00&#8243; title_font=&#8221;font_family:Raleway|font_call:Raleway|variant:600&#8243; title_font_style=&#8221;font-weight:600;&#8221; desc_font_style=&#8221;font-weight:bold;&#8221; title_font_size=&#8221;desktop:15px;&#8221; title_font_line_height=&#8221;desktop:25px;&#8221; title_font_color=&#8221;#333333&#8243; css_info_box=&#8221;.vc_custom_1506974332269{margin-bottom: 0px !important;padding-bottom: 4px !important;}&#8221;][\/bsf-info-box][bsf-info-box icon=&#8221;icomoon-free-social-contact-16&#215;16-mobile2&#8243; icon_size=&#8221;16&#8243; title=&#8221;tel: 42 674 72 66&#8243; title_font=&#8221;font_family:Raleway|font_call:Raleway|variant:600&#8243; title_font_style=&#8221;font-weight:600;&#8221; desc_font_style=&#8221;font-weight:bold;&#8221; title_font_size=&#8221;desktop:15px;&#8221; title_font_line_height=&#8221;desktop:25px;&#8221; title_font_color=&#8221;#333333&#8243; css_info_box=&#8221;.vc_custom_1506973959177{margin-bottom: 0px !important;padding-bottom: 4px !important;}&#8221;][\/bsf-info-box][vc_empty_space height=&#8221;22px&#8221;][ultimate_modal btn_bg_color=&#8221;#ff9934&#8243; modal_on_align=&#8221;left&#8221; btn_text=&#8221;Zobacz map\u0119&#8221; modal_style=&#8221;overlay-slidedown&#8221; overlay_bg_opacity=&#8221;80&#8243; init_extra_class=&#8221;map_button&#8221; header_text_color=&#8221;#ffffff&#8221; btn_txt_color=&#8221;#ffffff&#8221; header_font=&#8221;font_family:Open Sans|font_call:Open+Sans|variant:600&#8243; header_font_style=&#8221;font-weight:600;&#8221; header_font_size=&#8221;desktop:12px;&#8221; header_line_height=&#8221;desktop:30px;&#8221; button_text_font=&#8221;font_family:Open Sans|font_call:Open+Sans|variant:600&#8243; button_text_font_size=&#8221;desktop:12px;&#8221; button_text_line_height=&#8221;desktop:30px;&#8221; button_text_font_style=&#8221;font-weight:600;&#8221; css_modal_box=&#8221;.vc_custom_1506978591378{margin-left: 0px !important;}&#8221;]<iframe loading=\"lazy\" style=\"border: 0;\" src=\"https:\/\/www.google.com\/maps\/embed?pb=!1m18!1m12!1m3!1d3115.270154985573!2d19.270711848126165!3d51.77847580017528!2m3!1f0!2f0.00005481544792473869!3f0!3m2!1i1024!2i768!4f13.1!3m3!1m2!1s0x0%3A0x678c210fa144a9e7!2sDia-Cel+Hurtownia+zdrowej+%C5%BCywno%C5%9Bci!5e0!3m2!1spl!2spl!4v1506976257626\" width=\"600\" height=\"450\" frameborder=\"0\" allowfullscreen=\"allowfullscreen\"><\/iframe>[\/ultimate_modal][\/vc_column][\/vc_row][vc_row type=&#8221;vc_default&#8221; css=&#8221;.vc_custom_1461006241850{padding-top: 80px !important;padding-bottom: 30px !important;}&#8221; el_id=&#8221;offers_section&#8221;][vc_column css=&#8221;.vc_custom_1461007742797{padding-bottom: 50px !important;}&#8221;][ultimate_heading main_heading=&#8221;Nowo\u015bci w ofercie&#8221; spacer=&#8221;line_with_icon&#8221; spacer_position=&#8221;bottom&#8221; line_height=&#8221;3&#8243; line_color=&#8221;#fd9a44&#8243; icon=&#8221;icomoon-brankic-32&#215;32-bookmark&#8221; icon_size=&#8221;24&#8243; icon_color=&#8221;#fd9a44&#8243; line_icon_fixer=&#8221;5&#8243; main_heading_font_family=&#8221;font_family:Raleway|font_call:Raleway|variant:600&#8243; main_heading_font_size=&#8221;desktop:40px;&#8221; main_heading_line_height=&#8221;desktop:45px;&#8221; main_heading_style=&#8221;font-weight:600;&#8221; line_width=&#8221;80&#8243; main_heading_margin=&#8221;margin-bottom:4px;&#8221;][\/ultimate_heading][\/vc_column][vc_column width=&#8221;2\/3&#8243; css=&#8221;.vc_custom_1460645901545{padding-bottom: 50px !important;}&#8221; offset=&#8221;vc_col-lg-offset-0 vc_col-lg-4 vc_col-md-offset-0 vc_col-md-4 vc_col-sm-offset-2 vc_col-xs-12&#8243;][vc_single_image image=&#8221;612&#8243; img_size=&#8221;665&#215;665&#8243; css=&#8221;.vc_custom_1507104176319{padding-bottom: 25px !important;}&#8221;][ultimate_heading main_heading=&#8221;Baton owocowy jab\u0142ko &amp; cynamon 35g&#8221; main_heading_font_family=&#8221;font_family:Raleway|font_call:Raleway|variant:600&#8243; main_heading_font_size=&#8221;desktop:27px;&#8221; main_heading_line_height=&#8221;desktop:32px;&#8221; main_heading_style=&#8221;font-weight:600;&#8221; main_heading_margin=&#8221;margin-top:10px;margin-bottom:20px;&#8221;][\/ultimate_heading][vc_column_text]<\/p>\n<p style=\"text-align: center;\">Chrupi\u0105cy batonik z dodatkiem jab\u0142ka i cynamonu to w 100% naturalny produkt bez dodatku cukru.<\/p>\n<p>[\/vc_column_text][\/vc_column][vc_column width=&#8221;2\/3&#8243; offset=&#8221;vc_col-lg-offset-0 vc_col-lg-4 vc_col-md-offset-0 vc_col-md-4 vc_col-sm-offset-2 vc_col-xs-12&#8243; css=&#8221;.vc_custom_1460645907071{padding-bottom: 50px !important;}&#8221;][vc_single_image image=&#8221;615&#8243; img_size=&#8221;665&#215;665&#8243; css=&#8221;.vc_custom_1507106103462{padding-bottom: 25px !important;}&#8221;][ultimate_heading main_heading=&#8221;Kaszka mleczno-kukurydziana o smaku malinowym bezglutenowa&#8221; main_heading_font_family=&#8221;font_family:Raleway|font_call:Raleway|variant:600&#8243; main_heading_font_size=&#8221;desktop:27px;&#8221; main_heading_line_height=&#8221;desktop:32px;&#8221; main_heading_style=&#8221;font-weight:600;&#8221; main_heading_margin=&#8221;margin-top:10px;margin-bottom:20px;&#8221;][\/ultimate_heading][vc_column_text]<\/p>\n<p style=\"text-align: center;\">Smaczna, po\u017cywna i nie zawieraj\u0105ca glutenu kaszka wzbogacona o witaminy i sk\u0142adniki mineralne.<\/p>\n<p>[\/vc_column_text][\/vc_column][vc_column width=&#8221;2\/3&#8243; offset=&#8221;vc_col-lg-offset-0 vc_col-lg-4 vc_col-md-offset-0 vc_col-md-4 vc_col-sm-offset-2 vc_col-xs-12&#8243; css=&#8221;.vc_custom_1460645916381{padding-bottom: 50px !important;}&#8221;][vc_single_image image=&#8221;616&#8243; img_size=&#8221;665&#215;665&#8243; css=&#8221;.vc_custom_1507106152162{padding-bottom: 25px !important;}&#8221;][ultimate_heading main_heading=&#8221;Mas\u0142o sezamowe Tahina ciemna BIO 250g &#8211; Terrasana&#8221; main_heading_font_family=&#8221;font_family:Raleway|font_call:Raleway|variant:600&#8243; main_heading_font_size=&#8221;desktop:27px;&#8221; main_heading_line_height=&#8221;desktop:32px;&#8221; main_heading_style=&#8221;font-weight:600;&#8221; main_heading_margin=&#8221;margin-top:10px;margin-bottom:20px;&#8221;][\/ultimate_heading][vc_column_text]<\/p>\n<p style=\"text-align: center;\">Mas\u0142o Tahina sezamowe do pieczywa to smaczny dodatek o niepowtarzalnym smaku.<\/p>\n<p>[\/vc_column_text][\/vc_column][\/vc_row][vc_row full_width=&#8221;stretch_row&#8221; type=&#8221;vc_default&#8221; css=&#8221;.vc_custom_1474223495722{margin-bottom: -80px !important;padding-top: 80px !important;padding-bottom: 60px !important;background-color: #131313 !important;}&#8221;][vc_column css=&#8221;.vc_custom_1460570299912{padding-bottom: 40px !important;}&#8221;][vc_single_image image=&#8221;470&#8243; img_size=&#8221;82&#215;82&#8243; alignment=&#8221;center&#8221; lazy_loading=&#8221;true&#8221;][\/vc_column][vc_column offset=&#8221;vc_col-lg-offset-1 vc_col-lg-10 vc_col-md-offset-1 vc_col-md-10 vc_col-sm-offset-0&#8243; css=&#8221;.vc_custom_1461332951646{padding-top: 10px !important;padding-bottom: 25px !important;}&#8221;][vc_row_inner][vc_column_inner width=&#8221;1\/3&#8243; css=&#8221;.vc_custom_1461332837092{padding-bottom: 40px !important;}&#8221;][ultimate_heading main_heading=&#8221;Zadzwo\u0144 lub napisz do nas:&#8221; heading_tag=&#8221;h3&#8243; main_heading_color=&#8221;#ffffff&#8221; sub_heading_color=&#8221;#ffffff&#8221; main_heading_font_size=&#8221;desktop:15px;&#8221; main_heading_line_height=&#8221;desktop:22px;&#8221; sub_heading_font_size=&#8221;desktop:15px;&#8221; sub_heading_line_height=&#8221;desktop:22px;&#8221; main_heading_margin=&#8221;margin-bottom:10px;&#8221;]tel: 42 674 72 66<br \/>\ntel\/fax: 43 677 63 72<\/p>\n<p><a href=\"mailto:biuro@diacel.pl\">biuro@diacel.pl<\/a>[\/ultimate_heading][\/vc_column_inner][vc_column_inner width=&#8221;1\/3&#8243; css=&#8221;.vc_custom_1461332842664{padding-bottom: 40px !important;}&#8221;][ultimate_heading main_heading=&#8221;&#8222;DIA-CEL&#8222; Ma\u0142gorzata Krawczyk&#8221; heading_tag=&#8221;h3&#8243; main_heading_color=&#8221;#ffffff&#8221; sub_heading_color=&#8221;#ffffff&#8221; main_heading_font_size=&#8221;desktop:15px;&#8221; main_heading_line_height=&#8221;desktop:22px;&#8221; sub_heading_font_size=&#8221;desktop:15px;&#8221; sub_heading_line_height=&#8221;desktop:22px;&#8221; main_heading_margin=&#8221;margin-bottom:10px;&#8221;]ul. Klonowa 53<br \/>\n95-083 Babiczki[\/ultimate_heading][\/vc_column_inner][vc_column_inner width=&#8221;1\/3&#8243; css=&#8221;.vc_custom_1461332847822{padding-bottom: 40px !important;}&#8221;][ultimate_heading main_heading=&#8221;Godziny pracy firmy:&#8221; heading_tag=&#8221;h3&#8243; main_heading_color=&#8221;#ffffff&#8221; sub_heading_color=&#8221;#ffffff&#8221; main_heading_font_size=&#8221;desktop:15px;&#8221; main_heading_line_height=&#8221;desktop:22px;&#8221; sub_heading_font_size=&#8221;desktop:15px;&#8221; sub_heading_line_height=&#8221;desktop:22px;&#8221; main_heading_margin=&#8221;margin-bottom:10px;&#8221; margin_design_tab_text=&#8221;&#8221;]pon.-wt.\/czw.-pi\u0105tek: 8:30 &#8211; 16:00<br \/>\n\u015broda: 8:30 &#8211; 14:00[\/ultimate_heading][\/vc_column_inner][\/vc_row_inner][\/vc_column][vc_column][ultimate_heading main_heading=&#8221;2017 Dia-Cel. Wszelkie prawa zastrze\u017cone.&#8221; main_heading_color=&#8221;#a0a0a0&#8243; main_heading_font_size=&#8221;desktop:15px;&#8221; main_heading_line_height=&#8221;desktop:22px;&#8221;][\/ultimate_heading][\/vc_column][\/vc_row]<\/p>\n","protected":false},"excerpt":{"rendered":"<p>[vc_row content_placement=&#8221;middle&#8221; type=&#8221;vc_default&#8221; css=&#8221;.vc_custom_1474223472410{padding-top: 10px !important;padding-bottom: 65px !important;}&#8221; el_id=&#8221;about_section&#8221;][vc_column width=&#8221;2\/3&#8243; offset=&#8221;vc_col-lg-offset-0 vc_col-lg-6 vc_col-md-offset-0 vc_col-md-6 vc_col-sm-offset-2 vc_col-xs-offset-2 vc_col-xs-8 vc_hidden-xs&#8221;][vc_row_inner][vc_column_inner width=&#8221;1\/2&#8243; offset=&#8221;vc_col-lg-6 vc_col-md-6 vc_col-xs-6&#8243; css=&#8221;.vc_custom_1461066632568{padding-right: 12px !important;padding-bottom: 30px !important;}&#8221;][vc_single_image image=&#8221;514&#8243; img_size=&#8221;800\u00d7543&#8243; alignment=&#8221;center&#8221; onclick=&#8221;link_image&#8221;][vc_empty_space height=&#8221;24px&#8221;][vc_single_image image=&#8221;515&#8243; img_size=&#8221;800 \u00d7 543&#8243; alignment=&#8221;center&#8221; onclick=&#8221;link_image&#8221;][\/vc_column_inner][vc_column_inner width=&#8221;1\/2&#8243; offset=&#8221;vc_col-lg-offset-0 vc_col-lg-6 vc_col-md-offset-0 vc_col-md-6 vc_col-sm-offset-0 vc_col-xs-6&#8243; css=&#8221;.vc_custom_1461066648706{padding-left: 12px !important;}&#8221;][vc_single_image image=&#8221;517&#8243; img_size=&#8221;550 \u00d7 800&#8243; alignment=&#8221;center&#8221; onclick=&#8221;link_image&#8221;][\/vc_column_inner][\/vc_row_inner][\/vc_column][vc_column offset=&#8221;vc_col-lg-6&hellip;<\/p>\n","protected":false},"author":1,"featured_media":0,"parent":0,"menu_order":0,"comment_status":"closed","ping_status":"closed","template":"template-microsite.php","meta":[],"class_list":["post-17","page","type-page","status-publish","hentry","description-off"],"_links":{"self":[{"href":"https:\/\/diacel.pl\/index.php\/wp-json\/wp\/v2\/pages\/17","targetHints":{"allow":["GET"]}}],"collection":[{"href":"https:\/\/diacel.pl\/index.php\/wp-json\/wp\/v2\/pages"}],"about":[{"href":"https:\/\/diacel.pl\/index.php\/wp-json\/wp\/v2\/types\/page"}],"author":[{"embeddable":true,"href":"https:\/\/diacel.pl\/index.php\/wp-json\/wp\/v2\/users\/1"}],"replies":[{"embeddable":true,"href":"https:\/\/diacel.pl\/index.php\/wp-json\/wp\/v2\/comments?post=17"}],"version-history":[{"count":20,"href":"https:\/\/diacel.pl\/index.php\/wp-json\/wp\/v2\/pages\/17\/revisions"}],"predecessor-version":[{"id":683,"href":"https:\/\/diacel.pl\/index.php\/wp-json\/wp\/v2\/pages\/17\/revisions\/683"}],"wp:attachment":[{"href":"https:\/\/diacel.pl\/index.php\/wp-json\/wp\/v2\/media?parent=17"}],"curies":[{"name":"wp","href":"https:\/\/api.w.org\/{rel}","templated":true}]}}